{"id":71946,"date":"2023-05-31T16:11:01","date_gmt":"2023-05-31T14:11:01","guid":{"rendered":"https:\/\/www.inglet.com\/producto\/braco-de-quadramento-e-medicao-inbest\/"},"modified":"2024-02-02T09:27:46","modified_gmt":"2024-02-02T08:27:46","slug":"braco-de-quadramento-e-medicao-inbest-pro","status":"publish","type":"product","link":"https:\/\/www.inglet.com\/pt-pt\/producto\/braco-de-quadramento-e-medicao-inbest-pro\/","title":{"rendered":"BRA\u00c7O DE QUADRAMENTO E MEDI\u00c7\u00c3O INBEST PRO"},"content":{"rendered":"<p><strong>Este bra&ccedil;o permite esquadrejar perfeitamente o material e definir o tamanho de corte desejado.<\/strong> Este bra&ccedil;o acrescenta novas fun&ccedil;&otilde;es ao cortador Inbest Pro, tornando-o numa ferramenta de corte ainda mais vers&aacute;til e precisa.<\/p>\n<p><strong>Dois batentes de medi&ccedil;&atilde;o e guia milim&eacute;trica:<\/strong> aumenta a precis&atilde;o e a rapidez dos cortes repetitivos, bastando ajustar o batente &agrave; dimens&atilde;o de corte desejada.<\/p>\n<p><strong>M&aacute;xima flexibilidade:<\/strong> utilize o bra&ccedil;o dianteiro quando precisar de aparar ou cortar tamanhos pequenos e o bra&ccedil;o traseiro para cortar tamanhos maiores. Limite de corte at&eacute; 90 cm.<\/p>\n<p><strong>Versatilidade:<\/strong> o bra&ccedil;o pode ser montado no lado direito ou esquerdo do cortador, adaptando-se &agrave;s necessidades de instala&ccedil;&atilde;o e utiliza&ccedil;&atilde;o do cliente. F&aacute;cil instala&ccedil;&atilde;o, uma vez que o bra&ccedil;o traseiro pode ser fixado &agrave; m&aacute;quina ou directamente ao tampo da mesa.<\/p>\n","protected":false},"excerpt":{"rendered":"<p><strong>Este bra&ccedil;o permite esquadrejar perfeitamente o material e definir o tamanho de corte desejado.<\/strong> Este bra&ccedil;o acrescenta novas fun&ccedil;&otilde;es ao cortador Inbest Pro, tornando-o numa ferramenta de corte ainda mais vers&aacute;til e precisa.<\/p>\n","protected":false},"featured_media":71945,"template":"","meta":{"_sitemap_exclude":false,"_sitemap_priority":"","_sitemap_frequency":"","_monsterinsights_skip_tracking":false,"_monsterinsights_sitenote_active":false,"_monsterinsights_sitenote_note":"","_monsterinsights_sitenote_category":0},"product_brand":[],"product_cat":[469],"product_tag":[],"class_list":{"0":"post-71946","1":"product","2":"type-product","3":"status-publish","4":"has-post-thumbnail","6":"product_cat-cortadoras-verticais-e-cortadoras-de-mesa","8":"first","9":"outofstock","10":"taxable","11":"shipping-taxable","12":"purchasable","13":"product-type-simple"},"yoast_head":"<!-- This site is optimized with the Yoast SEO plugin v24.7 - https:\/\/yoast.com\/wordpress\/plugins\/seo\/ -->\n<title>BRA\u00c7O DE QUADRAMENTO E MEDI\u00c7\u00c3O INBEST PRO - INGLET<\/title>\n<meta name=\"robots\" content=\"index, follow, max-snippet:-1, max-image-preview:large, max-video-preview:-1\" \/>\n<link rel=\"canonical\" href=\"https:\/\/www.inglet.com\/pt-pt\/producto\/braco-de-quadramento-e-medicao-inbest-pro\/\" \/>\n<meta property=\"og:locale\" content=\"pt_PT\" \/>\n<meta property=\"og:type\" content=\"article\" \/>\n<meta property=\"og:title\" content=\"BRA\u00c7O DE QUADRAMENTO E MEDI\u00c7\u00c3O INBEST PRO - INGLET\" \/>\n<meta property=\"og:description\" content=\"Este bra&ccedil;o permite esquadrejar perfeitamente o material e definir o tamanho de corte desejado. Este bra&ccedil;o acrescenta novas fun&ccedil;&otilde;es ao cortador Inbest Pro, tornando-o numa ferramenta de corte ainda mais vers&aacute;til e precisa.\" \/>\n<meta property=\"og:url\" content=\"https:\/\/www.inglet.com\/pt-pt\/producto\/braco-de-quadramento-e-medicao-inbest-pro\/\" \/>\n<meta property=\"og:site_name\" content=\"INGLET\" \/>\n<meta property=\"article:modified_time\" content=\"2024-02-02T08:27:46+00:00\" \/>\n<meta property=\"og:image\" content=\"https:\/\/www.inglet.com\/wp-content\/uploads\/2023\/05\/142210_Web.jpg\" \/>\n\t<meta property=\"og:image:width\" content=\"800\" \/>\n\t<meta property=\"og:image:height\" content=\"800\" \/>\n\t<meta property=\"og:image:type\" content=\"image\/jpeg\" \/>\n<meta name=\"twitter:card\" content=\"summary_large_image\" \/>\n<meta name=\"twitter:label1\" content=\"Tempo estimado de leitura\" \/>\n\t<meta name=\"twitter:data1\" content=\"1 minuto\" \/>\n<script type=\"application\/ld+json\" class=\"yoast-schema-graph\">{\"@context\":\"https:\/\/schema.org\",\"@graph\":[{\"@type\":\"WebPage\",\"@id\":\"https:\/\/www.inglet.com\/pt-pt\/producto\/braco-de-quadramento-e-medicao-inbest-pro\/\",\"url\":\"https:\/\/www.inglet.com\/pt-pt\/producto\/braco-de-quadramento-e-medicao-inbest-pro\/\",\"name\":\"BRA\u00c7O DE QUADRAMENTO E MEDI\u00c7\u00c3O INBEST PRO - INGLET\",\"isPartOf\":{\"@id\":\"https:\/\/www.inglet.com\/pt-pt\/#website\"},\"primaryImageOfPage\":{\"@id\":\"https:\/\/www.inglet.com\/pt-pt\/producto\/braco-de-quadramento-e-medicao-inbest-pro\/#primaryimage\"},\"image\":{\"@id\":\"https:\/\/www.inglet.com\/pt-pt\/producto\/braco-de-quadramento-e-medicao-inbest-pro\/#primaryimage\"},\"thumbnailUrl\":\"https:\/\/www.inglet.com\/wp-content\/uploads\/2023\/05\/142210_Web.jpg\",\"datePublished\":\"2023-05-31T14:11:01+00:00\",\"dateModified\":\"2024-02-02T08:27:46+00:00\",\"breadcrumb\":{\"@id\":\"https:\/\/www.inglet.com\/pt-pt\/producto\/braco-de-quadramento-e-medicao-inbest-pro\/#breadcrumb\"},\"inLanguage\":\"pt-PT\",\"potentialAction\":[{\"@type\":\"ReadAction\",\"target\":[\"https:\/\/www.inglet.com\/pt-pt\/producto\/braco-de-quadramento-e-medicao-inbest-pro\/\"]}]},{\"@type\":\"ImageObject\",\"inLanguage\":\"pt-PT\",\"@id\":\"https:\/\/www.inglet.com\/pt-pt\/producto\/braco-de-quadramento-e-medicao-inbest-pro\/#primaryimage\",\"url\":\"https:\/\/www.inglet.com\/wp-content\/uploads\/2023\/05\/142210_Web.jpg\",\"contentUrl\":\"https:\/\/www.inglet.com\/wp-content\/uploads\/2023\/05\/142210_Web.jpg\",\"width\":800,\"height\":800},{\"@type\":\"BreadcrumbList\",\"@id\":\"https:\/\/www.inglet.com\/pt-pt\/producto\/braco-de-quadramento-e-medicao-inbest-pro\/#breadcrumb\",\"itemListElement\":[{\"@type\":\"ListItem\",\"position\":1,\"name\":\"Portada\",\"item\":\"https:\/\/www.inglet.com\/pt-pt\/\"},{\"@type\":\"ListItem\",\"position\":2,\"name\":\"Tienda\",\"item\":\"https:\/\/www.inglet.com\/tienda\/\"},{\"@type\":\"ListItem\",\"position\":3,\"name\":\"BRA\u00c7O DE QUADRAMENTO E MEDI\u00c7\u00c3O INBEST PRO\"}]},{\"@type\":\"WebSite\",\"@id\":\"https:\/\/www.inglet.com\/pt-pt\/#website\",\"url\":\"https:\/\/www.inglet.com\/pt-pt\/\",\"name\":\"INGLET\",\"description\":\"Suministros para la enmarcaci\u00f3n y la  impresi\u00f3n digital\",\"publisher\":{\"@id\":\"https:\/\/www.inglet.com\/pt-pt\/#organization\"},\"potentialAction\":[{\"@type\":\"SearchAction\",\"target\":{\"@type\":\"EntryPoint\",\"urlTemplate\":\"https:\/\/www.inglet.com\/pt-pt\/?s={search_term_string}\"},\"query-input\":{\"@type\":\"PropertyValueSpecification\",\"valueRequired\":true,\"valueName\":\"search_term_string\"}}],\"inLanguage\":\"pt-PT\"},{\"@type\":\"Organization\",\"@id\":\"https:\/\/www.inglet.com\/pt-pt\/#organization\",\"name\":\"INGLET, SLU\",\"url\":\"https:\/\/www.inglet.com\/pt-pt\/\",\"logo\":{\"@type\":\"ImageObject\",\"inLanguage\":\"pt-PT\",\"@id\":\"https:\/\/www.inglet.com\/pt-pt\/#\/schema\/logo\/image\/\",\"url\":\"https:\/\/www.inglet.com\/wp-content\/uploads\/2019\/08\/Inglet-Logo.jpg\",\"contentUrl\":\"https:\/\/www.inglet.com\/wp-content\/uploads\/2019\/08\/Inglet-Logo.jpg\",\"width\":264,\"height\":342,\"caption\":\"INGLET, SLU\"},\"image\":{\"@id\":\"https:\/\/www.inglet.com\/pt-pt\/#\/schema\/logo\/image\/\"}}]}<\/script>\n<!-- \/ Yoast SEO plugin. -->","yoast_head_json":{"title":"BRA\u00c7O DE QUADRAMENTO E MEDI\u00c7\u00c3O INBEST PRO - INGLET","robots":{"index":"index","follow":"follow","max-snippet":"max-snippet:-1","max-image-preview":"max-image-preview:large","max-video-preview":"max-video-preview:-1"},"canonical":"https:\/\/www.inglet.com\/pt-pt\/producto\/braco-de-quadramento-e-medicao-inbest-pro\/","og_locale":"pt_PT","og_type":"article","og_title":"BRA\u00c7O DE QUADRAMENTO E MEDI\u00c7\u00c3O INBEST PRO - INGLET","og_description":"Este bra&ccedil;o permite esquadrejar perfeitamente o material e definir o tamanho de corte desejado. Este bra&ccedil;o acrescenta novas fun&ccedil;&otilde;es ao cortador Inbest Pro, tornando-o numa ferramenta de corte ainda mais vers&aacute;til e precisa.","og_url":"https:\/\/www.inglet.com\/pt-pt\/producto\/braco-de-quadramento-e-medicao-inbest-pro\/","og_site_name":"INGLET","article_modified_time":"2024-02-02T08:27:46+00:00","og_image":[{"width":800,"height":800,"url":"https:\/\/www.inglet.com\/wp-content\/uploads\/2023\/05\/142210_Web.jpg","type":"image\/jpeg"}],"twitter_card":"summary_large_image","twitter_misc":{"Tempo estimado de leitura":"1 minuto"},"schema":{"@context":"https:\/\/schema.org","@graph":[{"@type":"WebPage","@id":"https:\/\/www.inglet.com\/pt-pt\/producto\/braco-de-quadramento-e-medicao-inbest-pro\/","url":"https:\/\/www.inglet.com\/pt-pt\/producto\/braco-de-quadramento-e-medicao-inbest-pro\/","name":"BRA\u00c7O DE QUADRAMENTO E MEDI\u00c7\u00c3O INBEST PRO - INGLET","isPartOf":{"@id":"https:\/\/www.inglet.com\/pt-pt\/#website"},"primaryImageOfPage":{"@id":"https:\/\/www.inglet.com\/pt-pt\/producto\/braco-de-quadramento-e-medicao-inbest-pro\/#primaryimage"},"image":{"@id":"https:\/\/www.inglet.com\/pt-pt\/producto\/braco-de-quadramento-e-medicao-inbest-pro\/#primaryimage"},"thumbnailUrl":"https:\/\/www.inglet.com\/wp-content\/uploads\/2023\/05\/142210_Web.jpg","datePublished":"2023-05-31T14:11:01+00:00","dateModified":"2024-02-02T08:27:46+00:00","breadcrumb":{"@id":"https:\/\/www.inglet.com\/pt-pt\/producto\/braco-de-quadramento-e-medicao-inbest-pro\/#breadcrumb"},"inLanguage":"pt-PT","potentialAction":[{"@type":"ReadAction","target":["https:\/\/www.inglet.com\/pt-pt\/producto\/braco-de-quadramento-e-medicao-inbest-pro\/"]}]},{"@type":"ImageObject","inLanguage":"pt-PT","@id":"https:\/\/www.inglet.com\/pt-pt\/producto\/braco-de-quadramento-e-medicao-inbest-pro\/#primaryimage","url":"https:\/\/www.inglet.com\/wp-content\/uploads\/2023\/05\/142210_Web.jpg","contentUrl":"https:\/\/www.inglet.com\/wp-content\/uploads\/2023\/05\/142210_Web.jpg","width":800,"height":800},{"@type":"BreadcrumbList","@id":"https:\/\/www.inglet.com\/pt-pt\/producto\/braco-de-quadramento-e-medicao-inbest-pro\/#breadcrumb","itemListElement":[{"@type":"ListItem","position":1,"name":"Portada","item":"https:\/\/www.inglet.com\/pt-pt\/"},{"@type":"ListItem","position":2,"name":"Tienda","item":"https:\/\/www.inglet.com\/tienda\/"},{"@type":"ListItem","position":3,"name":"BRA\u00c7O DE QUADRAMENTO E MEDI\u00c7\u00c3O INBEST PRO"}]},{"@type":"WebSite","@id":"https:\/\/www.inglet.com\/pt-pt\/#website","url":"https:\/\/www.inglet.com\/pt-pt\/","name":"INGLET","description":"Suministros para la enmarcaci\u00f3n y la  impresi\u00f3n digital","publisher":{"@id":"https:\/\/www.inglet.com\/pt-pt\/#organization"},"potentialAction":[{"@type":"SearchAction","target":{"@type":"EntryPoint","urlTemplate":"https:\/\/www.inglet.com\/pt-pt\/?s={search_term_string}"},"query-input":{"@type":"PropertyValueSpecification","valueRequired":true,"valueName":"search_term_string"}}],"inLanguage":"pt-PT"},{"@type":"Organization","@id":"https:\/\/www.inglet.com\/pt-pt\/#organization","name":"INGLET, SLU","url":"https:\/\/www.inglet.com\/pt-pt\/","logo":{"@type":"ImageObject","inLanguage":"pt-PT","@id":"https:\/\/www.inglet.com\/pt-pt\/#\/schema\/logo\/image\/","url":"https:\/\/www.inglet.com\/wp-content\/uploads\/2019\/08\/Inglet-Logo.jpg","contentUrl":"https:\/\/www.inglet.com\/wp-content\/uploads\/2019\/08\/Inglet-Logo.jpg","width":264,"height":342,"caption":"INGLET, SLU"},"image":{"@id":"https:\/\/www.inglet.com\/pt-pt\/#\/schema\/logo\/image\/"}}]}},"_links":{"self":[{"href":"https:\/\/www.inglet.com\/pt-pt\/wp-json\/wp\/v2\/product\/71946","targetHints":{"allow":["GET"]}}],"collection":[{"href":"https:\/\/www.inglet.com\/pt-pt\/wp-json\/wp\/v2\/product"}],"about":[{"href":"https:\/\/www.inglet.com\/pt-pt\/wp-json\/wp\/v2\/types\/product"}],"wp:featuredmedia":[{"embeddable":true,"href":"https:\/\/www.inglet.com\/pt-pt\/wp-json\/wp\/v2\/media\/71945"}],"wp:attachment":[{"href":"https:\/\/www.inglet.com\/pt-pt\/wp-json\/wp\/v2\/media?parent=71946"}],"wp:term":[{"taxonomy":"product_brand","embeddable":true,"href":"https:\/\/www.inglet.com\/pt-pt\/wp-json\/wp\/v2\/product_brand?post=71946"},{"taxonomy":"product_cat","embeddable":true,"href":"https:\/\/www.inglet.com\/pt-pt\/wp-json\/wp\/v2\/product_cat?post=71946"},{"taxonomy":"product_tag","embeddable":true,"href":"https:\/\/www.inglet.com\/pt-pt\/wp-json\/wp\/v2\/product_tag?post=71946"}],"curies":[{"name":"wp","href":"https:\/\/api.w.org\/{rel}","templated":true}]}}