{"id":75255,"date":"2024-07-05T12:57:50","date_gmt":"2024-07-05T10:57:50","guid":{"rendered":"https:\/\/www.inglet.com\/producto\/custoboard-alma-negra-1-3-mm-102-x-153-cm\/"},"modified":"2025-01-30T12:40:24","modified_gmt":"2025-01-30T11:40:24","slug":"custoboard-alma-negra-1-3-mm-102-x-153-cm","status":"publish","type":"product","link":"https:\/\/www.inglet.com\/pt-pt\/producto\/custoboard-alma-negra-1-3-mm-102-x-153-cm\/","title":{"rendered":"CUSTBOARD Alma Negra, 1.3 mm 102 x 153 cm"},"content":{"rendered":"<p><strong>El cart\u00f3n personaliz\u00e1vel CUSTBOARD<\/strong> \u00e9 a op\u00e7\u00e3o perfeita para os teus projetos criativos. Com uma base em passepartout e uma ampla gama de acabamentos, este cart\u00e3o adapta-se \u00e0s tuas necessidades de personaliza\u00e7\u00e3o.<\/p>\n<p><strong>O cart\u00e3o personaliz\u00e1vel CUSTBOARD<\/strong> surge da preocupa\u00e7\u00e3o de muitos dos nossos clientes, que est\u00e3o sempre \u00e0 procura de novos materiais para combinar nos seus trabalhos, e da nossa vontade de estar sempre ao seu lado, oferecendo-lhes aquilo com que podemos avan\u00e7ar juntos.<\/p>\n<p><strong>Dispomos de 17 acabamentos diferentes<\/strong> numa ampla gama, que inclui acabamentos met\u00e1licos, mates, de madeira ou de couro, todos com um aspeto muito realista.<\/p>\n<p><strong>Base em passepartout com alma preta<\/strong>, 1,3 mm 102 x 153 cm.<\/p>\n<p><a href=\"https:\/\/www.inglet.com\/pt-pt\/produtos\/passepartout-para-quadros\/passepartout-series-especiais\/\" target=\"_blank\" rel=\"noopener\"><span style=\"color: #a21c84;\"><strong>Explora mais produtos CUSTBOARD<\/strong><\/span><\/a> com acabamentos personalizados.<\/p>\n<p>&nbsp;<\/p>\n<p>&nbsp;<\/p>\n<p>&nbsp;<\/p>\n<p>&nbsp;<\/p>\n","protected":false},"excerpt":{"rendered":"<p>El cart\u00f3n personaliz\u00e1vel CUSTBOARD \u00e9 a op\u00e7\u00e3o perfeita para os teus projetos criativos. Com uma base em passepartout e uma [&hellip;]<\/p>\n","protected":false},"featured_media":75070,"template":"","meta":{"_sitemap_exclude":false,"_sitemap_priority":"","_sitemap_frequency":"","_monsterinsights_skip_tracking":false,"_monsterinsights_sitenote_active":false,"_monsterinsights_sitenote_note":"","_monsterinsights_sitenote_category":0},"product_brand":[],"product_cat":[796],"product_tag":[],"class_list":{"0":"post-75255","1":"product","2":"type-product","3":"status-publish","4":"has-post-thumbnail","6":"product_cat-passepartout-series-especiais","8":"first","9":"instock","10":"taxable","11":"shipping-taxable","12":"product-type-grouped"},"yoast_head":"<!-- This site is optimized with the Yoast SEO plugin v24.7 - https:\/\/yoast.com\/wordpress\/plugins\/seo\/ -->\n<title>CUSTBOARD Alma Negra, 1.3 mm 102 x 153 cm - INGLET<\/title>\n<meta name=\"description\" content=\"O cart\u00e3o personaliz\u00e1vel CUSTBOARD \u00e9 a op\u00e7\u00e3o perfeita para os teus projetos criativos. Com uma base em passepartout e uma ampla gama de acabamentos realistas.\" \/>\n<meta name=\"robots\" content=\"index, follow, max-snippet:-1, max-image-preview:large, max-video-preview:-1\" \/>\n<link rel=\"canonical\" href=\"https:\/\/www.inglet.com\/pt-pt\/producto\/custoboard-alma-negra-1-3-mm-102-x-153-cm\/\" \/>\n<meta property=\"og:locale\" content=\"pt_PT\" \/>\n<meta property=\"og:type\" content=\"article\" \/>\n<meta property=\"og:title\" content=\"CUSTBOARD Alma Negra, 1.3 mm 102 x 153 cm - INGLET\" \/>\n<meta property=\"og:description\" content=\"O cart\u00e3o personaliz\u00e1vel CUSTBOARD \u00e9 a op\u00e7\u00e3o perfeita para os teus projetos criativos. Com uma base em passepartout e uma ampla gama de acabamentos realistas.\" \/>\n<meta property=\"og:url\" content=\"https:\/\/www.inglet.com\/pt-pt\/producto\/custoboard-alma-negra-1-3-mm-102-x-153-cm\/\" \/>\n<meta property=\"og:site_name\" content=\"INGLET\" \/>\n<meta property=\"article:modified_time\" content=\"2025-01-30T11:40:24+00:00\" \/>\n<meta property=\"og:image\" content=\"https:\/\/www.inglet.com\/wp-content\/uploads\/2024\/07\/Portada_Custboard_Web-2.jpg\" \/>\n\t<meta property=\"og:image:width\" content=\"800\" \/>\n\t<meta property=\"og:image:height\" content=\"800\" \/>\n\t<meta property=\"og:image:type\" content=\"image\/jpeg\" \/>\n<meta name=\"twitter:card\" content=\"summary_large_image\" \/>\n<meta name=\"twitter:label1\" content=\"Tempo estimado de leitura\" \/>\n\t<meta name=\"twitter:data1\" content=\"1 minuto\" \/>\n<script type=\"application\/ld+json\" class=\"yoast-schema-graph\">{\"@context\":\"https:\/\/schema.org\",\"@graph\":[{\"@type\":\"WebPage\",\"@id\":\"https:\/\/www.inglet.com\/pt-pt\/producto\/custoboard-alma-negra-1-3-mm-102-x-153-cm\/\",\"url\":\"https:\/\/www.inglet.com\/pt-pt\/producto\/custoboard-alma-negra-1-3-mm-102-x-153-cm\/\",\"name\":\"CUSTBOARD Alma Negra, 1.3 mm 102 x 153 cm - INGLET\",\"isPartOf\":{\"@id\":\"https:\/\/www.inglet.com\/pt-pt\/#website\"},\"primaryImageOfPage\":{\"@id\":\"https:\/\/www.inglet.com\/pt-pt\/producto\/custoboard-alma-negra-1-3-mm-102-x-153-cm\/#primaryimage\"},\"image\":{\"@id\":\"https:\/\/www.inglet.com\/pt-pt\/producto\/custoboard-alma-negra-1-3-mm-102-x-153-cm\/#primaryimage\"},\"thumbnailUrl\":\"https:\/\/www.inglet.com\/wp-content\/uploads\/2024\/07\/Portada_Custboard_Web-2.jpg\",\"datePublished\":\"2024-07-05T10:57:50+00:00\",\"dateModified\":\"2025-01-30T11:40:24+00:00\",\"description\":\"O cart\u00e3o personaliz\u00e1vel CUSTBOARD \u00e9 a op\u00e7\u00e3o perfeita para os teus projetos criativos. Com uma base em passepartout e uma ampla gama de acabamentos realistas.\",\"breadcrumb\":{\"@id\":\"https:\/\/www.inglet.com\/pt-pt\/producto\/custoboard-alma-negra-1-3-mm-102-x-153-cm\/#breadcrumb\"},\"inLanguage\":\"pt-PT\",\"potentialAction\":[{\"@type\":\"ReadAction\",\"target\":[\"https:\/\/www.inglet.com\/pt-pt\/producto\/custoboard-alma-negra-1-3-mm-102-x-153-cm\/\"]}]},{\"@type\":\"ImageObject\",\"inLanguage\":\"pt-PT\",\"@id\":\"https:\/\/www.inglet.com\/pt-pt\/producto\/custoboard-alma-negra-1-3-mm-102-x-153-cm\/#primaryimage\",\"url\":\"https:\/\/www.inglet.com\/wp-content\/uploads\/2024\/07\/Portada_Custboard_Web-2.jpg\",\"contentUrl\":\"https:\/\/www.inglet.com\/wp-content\/uploads\/2024\/07\/Portada_Custboard_Web-2.jpg\",\"width\":800,\"height\":800,\"caption\":\"Cart\u00e3o personaliz\u00e1vel CUSTBOARD\"},{\"@type\":\"BreadcrumbList\",\"@id\":\"https:\/\/www.inglet.com\/pt-pt\/producto\/custoboard-alma-negra-1-3-mm-102-x-153-cm\/#breadcrumb\",\"itemListElement\":[{\"@type\":\"ListItem\",\"position\":1,\"name\":\"Portada\",\"item\":\"https:\/\/www.inglet.com\/pt-pt\/\"},{\"@type\":\"ListItem\",\"position\":2,\"name\":\"Tienda\",\"item\":\"https:\/\/www.inglet.com\/tienda\/\"},{\"@type\":\"ListItem\",\"position\":3,\"name\":\"CUSTBOARD Alma Negra, 1.3 mm 102 x 153 cm\"}]},{\"@type\":\"WebSite\",\"@id\":\"https:\/\/www.inglet.com\/pt-pt\/#website\",\"url\":\"https:\/\/www.inglet.com\/pt-pt\/\",\"name\":\"INGLET\",\"description\":\"Suministros para la enmarcaci\u00f3n y la  impresi\u00f3n digital\",\"publisher\":{\"@id\":\"https:\/\/www.inglet.com\/pt-pt\/#organization\"},\"potentialAction\":[{\"@type\":\"SearchAction\",\"target\":{\"@type\":\"EntryPoint\",\"urlTemplate\":\"https:\/\/www.inglet.com\/pt-pt\/?s={search_term_string}\"},\"query-input\":{\"@type\":\"PropertyValueSpecification\",\"valueRequired\":true,\"valueName\":\"search_term_string\"}}],\"inLanguage\":\"pt-PT\"},{\"@type\":\"Organization\",\"@id\":\"https:\/\/www.inglet.com\/pt-pt\/#organization\",\"name\":\"INGLET, SLU\",\"url\":\"https:\/\/www.inglet.com\/pt-pt\/\",\"logo\":{\"@type\":\"ImageObject\",\"inLanguage\":\"pt-PT\",\"@id\":\"https:\/\/www.inglet.com\/pt-pt\/#\/schema\/logo\/image\/\",\"url\":\"https:\/\/www.inglet.com\/wp-content\/uploads\/2019\/08\/Inglet-Logo.jpg\",\"contentUrl\":\"https:\/\/www.inglet.com\/wp-content\/uploads\/2019\/08\/Inglet-Logo.jpg\",\"width\":264,\"height\":342,\"caption\":\"INGLET, SLU\"},\"image\":{\"@id\":\"https:\/\/www.inglet.com\/pt-pt\/#\/schema\/logo\/image\/\"}}]}<\/script>\n<!-- \/ Yoast SEO plugin. -->","yoast_head_json":{"title":"CUSTBOARD Alma Negra, 1.3 mm 102 x 153 cm - INGLET","description":"O cart\u00e3o personaliz\u00e1vel CUSTBOARD \u00e9 a op\u00e7\u00e3o perfeita para os teus projetos criativos. Com uma base em passepartout e uma ampla gama de acabamentos realistas.","robots":{"index":"index","follow":"follow","max-snippet":"max-snippet:-1","max-image-preview":"max-image-preview:large","max-video-preview":"max-video-preview:-1"},"canonical":"https:\/\/www.inglet.com\/pt-pt\/producto\/custoboard-alma-negra-1-3-mm-102-x-153-cm\/","og_locale":"pt_PT","og_type":"article","og_title":"CUSTBOARD Alma Negra, 1.3 mm 102 x 153 cm - INGLET","og_description":"O cart\u00e3o personaliz\u00e1vel CUSTBOARD \u00e9 a op\u00e7\u00e3o perfeita para os teus projetos criativos. Com uma base em passepartout e uma ampla gama de acabamentos realistas.","og_url":"https:\/\/www.inglet.com\/pt-pt\/producto\/custoboard-alma-negra-1-3-mm-102-x-153-cm\/","og_site_name":"INGLET","article_modified_time":"2025-01-30T11:40:24+00:00","og_image":[{"width":800,"height":800,"url":"https:\/\/www.inglet.com\/wp-content\/uploads\/2024\/07\/Portada_Custboard_Web-2.jpg","type":"image\/jpeg"}],"twitter_card":"summary_large_image","twitter_misc":{"Tempo estimado de leitura":"1 minuto"},"schema":{"@context":"https:\/\/schema.org","@graph":[{"@type":"WebPage","@id":"https:\/\/www.inglet.com\/pt-pt\/producto\/custoboard-alma-negra-1-3-mm-102-x-153-cm\/","url":"https:\/\/www.inglet.com\/pt-pt\/producto\/custoboard-alma-negra-1-3-mm-102-x-153-cm\/","name":"CUSTBOARD Alma Negra, 1.3 mm 102 x 153 cm - INGLET","isPartOf":{"@id":"https:\/\/www.inglet.com\/pt-pt\/#website"},"primaryImageOfPage":{"@id":"https:\/\/www.inglet.com\/pt-pt\/producto\/custoboard-alma-negra-1-3-mm-102-x-153-cm\/#primaryimage"},"image":{"@id":"https:\/\/www.inglet.com\/pt-pt\/producto\/custoboard-alma-negra-1-3-mm-102-x-153-cm\/#primaryimage"},"thumbnailUrl":"https:\/\/www.inglet.com\/wp-content\/uploads\/2024\/07\/Portada_Custboard_Web-2.jpg","datePublished":"2024-07-05T10:57:50+00:00","dateModified":"2025-01-30T11:40:24+00:00","description":"O cart\u00e3o personaliz\u00e1vel CUSTBOARD \u00e9 a op\u00e7\u00e3o perfeita para os teus projetos criativos. Com uma base em passepartout e uma ampla gama de acabamentos realistas.","breadcrumb":{"@id":"https:\/\/www.inglet.com\/pt-pt\/producto\/custoboard-alma-negra-1-3-mm-102-x-153-cm\/#breadcrumb"},"inLanguage":"pt-PT","potentialAction":[{"@type":"ReadAction","target":["https:\/\/www.inglet.com\/pt-pt\/producto\/custoboard-alma-negra-1-3-mm-102-x-153-cm\/"]}]},{"@type":"ImageObject","inLanguage":"pt-PT","@id":"https:\/\/www.inglet.com\/pt-pt\/producto\/custoboard-alma-negra-1-3-mm-102-x-153-cm\/#primaryimage","url":"https:\/\/www.inglet.com\/wp-content\/uploads\/2024\/07\/Portada_Custboard_Web-2.jpg","contentUrl":"https:\/\/www.inglet.com\/wp-content\/uploads\/2024\/07\/Portada_Custboard_Web-2.jpg","width":800,"height":800,"caption":"Cart\u00e3o personaliz\u00e1vel CUSTBOARD"},{"@type":"BreadcrumbList","@id":"https:\/\/www.inglet.com\/pt-pt\/producto\/custoboard-alma-negra-1-3-mm-102-x-153-cm\/#breadcrumb","itemListElement":[{"@type":"ListItem","position":1,"name":"Portada","item":"https:\/\/www.inglet.com\/pt-pt\/"},{"@type":"ListItem","position":2,"name":"Tienda","item":"https:\/\/www.inglet.com\/tienda\/"},{"@type":"ListItem","position":3,"name":"CUSTBOARD Alma Negra, 1.3 mm 102 x 153 cm"}]},{"@type":"WebSite","@id":"https:\/\/www.inglet.com\/pt-pt\/#website","url":"https:\/\/www.inglet.com\/pt-pt\/","name":"INGLET","description":"Suministros para la enmarcaci\u00f3n y la  impresi\u00f3n digital","publisher":{"@id":"https:\/\/www.inglet.com\/pt-pt\/#organization"},"potentialAction":[{"@type":"SearchAction","target":{"@type":"EntryPoint","urlTemplate":"https:\/\/www.inglet.com\/pt-pt\/?s={search_term_string}"},"query-input":{"@type":"PropertyValueSpecification","valueRequired":true,"valueName":"search_term_string"}}],"inLanguage":"pt-PT"},{"@type":"Organization","@id":"https:\/\/www.inglet.com\/pt-pt\/#organization","name":"INGLET, SLU","url":"https:\/\/www.inglet.com\/pt-pt\/","logo":{"@type":"ImageObject","inLanguage":"pt-PT","@id":"https:\/\/www.inglet.com\/pt-pt\/#\/schema\/logo\/image\/","url":"https:\/\/www.inglet.com\/wp-content\/uploads\/2019\/08\/Inglet-Logo.jpg","contentUrl":"https:\/\/www.inglet.com\/wp-content\/uploads\/2019\/08\/Inglet-Logo.jpg","width":264,"height":342,"caption":"INGLET, SLU"},"image":{"@id":"https:\/\/www.inglet.com\/pt-pt\/#\/schema\/logo\/image\/"}}]}},"_links":{"self":[{"href":"https:\/\/www.inglet.com\/pt-pt\/wp-json\/wp\/v2\/product\/75255","targetHints":{"allow":["GET"]}}],"collection":[{"href":"https:\/\/www.inglet.com\/pt-pt\/wp-json\/wp\/v2\/product"}],"about":[{"href":"https:\/\/www.inglet.com\/pt-pt\/wp-json\/wp\/v2\/types\/product"}],"wp:featuredmedia":[{"embeddable":true,"href":"https:\/\/www.inglet.com\/pt-pt\/wp-json\/wp\/v2\/media\/75070"}],"wp:attachment":[{"href":"https:\/\/www.inglet.com\/pt-pt\/wp-json\/wp\/v2\/media?parent=75255"}],"wp:term":[{"taxonomy":"product_brand","embeddable":true,"href":"https:\/\/www.inglet.com\/pt-pt\/wp-json\/wp\/v2\/product_brand?post=75255"},{"taxonomy":"product_cat","embeddable":true,"href":"https:\/\/www.inglet.com\/pt-pt\/wp-json\/wp\/v2\/product_cat?post=75255"},{"taxonomy":"product_tag","embeddable":true,"href":"https:\/\/www.inglet.com\/pt-pt\/wp-json\/wp\/v2\/product_tag?post=75255"}],"curies":[{"name":"wp","href":"https:\/\/api.w.org\/{rel}","templated":true}]}}