{"id":75271,"date":"2024-07-05T13:41:16","date_gmt":"2024-07-05T11:41:16","guid":{"rendered":"https:\/\/www.inglet.com\/producto\/adesivo-hotpress-reposicionavel-dupla-face-re-tac\/"},"modified":"2025-01-23T11:59:25","modified_gmt":"2025-01-23T10:59:25","slug":"adesivo-hotpress-reposicionavel-dupla-face-re-tac","status":"publish","type":"product","link":"https:\/\/www.inglet.com\/pt-pt\/producto\/adesivo-hotpress-reposicionavel-dupla-face-re-tac\/","title":{"rendered":"ADESIVO HOTPRESS REPOSICION\u00c1VEL DUPLA FACE RE-TAC"},"content":{"rendered":"<p><strong>O adesivo reposicion\u00e1vel ReTac<\/strong> HotPress 2 faces \u00e9 uma solu\u00e7\u00e3o inovadora para gr\u00e1ficos e decora\u00e7\u00f5es tempor\u00e1rias. Concebido para aplica\u00e7\u00f5es vers\u00e1teis, este adesivo permite transformar fotografias, cartazes ou gr\u00e1ficos em decora\u00e7\u00f5es reutiliz\u00e1veis que podem ser aplicadas e removidas facilmente sem danificar a superf\u00edcie.<br \/>\nEste produto conta com um adesivo permanente numa das faces, ideal para fixar gr\u00e1ficos impressos, e um adesivo reposicion\u00e1vel na outra face, que permite aplic\u00e1-lo em paredes, janelas ou outras superf\u00edcies lisas sem deixar res\u00edduos. A sua pel\u00edcula de PET transparente de 0,5 mil (12,5\u03bc) garante alta qualidade visual, enquanto o papel antiaderente Kraft siliconado facilita o armazenamento e a manipula\u00e7\u00e3o.<br \/>\nEntre as suas principais aplica\u00e7\u00f5es est\u00e3o a decora\u00e7\u00e3o de eventos, a cria\u00e7\u00e3o de autocolantes para janelas ou paredes e gr\u00e1ficos publicit\u00e1rios tempor\u00e1rios. Al\u00e9m disso, a sua facilidade de uso e capacidade de reposicionamento tornam-no uma solu\u00e7\u00e3o ideal tanto para uso profissional como dom\u00e9stico.<br \/>\nO <strong>adesivo reposicion\u00e1vel ReTac<\/strong> \u00e9 ideal para projetos criativos que exigem flexibilidade. Sendo ultra remov\u00edvel, adapta-se a necessidades em constante mudan\u00e7a, como campanhas promocionais, exposi\u00e7\u00f5es tempor\u00e1rias ou decora\u00e7\u00e3o de espa\u00e7os comerciais. Seja para gr\u00e1ficos de grande formato ou pequenos designs, este produto garante resultados impec\u00e1veis.<\/p>\n","protected":false},"excerpt":{"rendered":"<p>O adesivo reposicion\u00e1vel ReTac HotPress 2 faces \u00e9 uma solu\u00e7\u00e3o inovadora para gr\u00e1ficos e decora\u00e7\u00f5es tempor\u00e1rias. Concebido para aplica\u00e7\u00f5es vers\u00e1teis, [&hellip;]<\/p>\n","protected":false},"featured_media":75265,"template":"","meta":{"_sitemap_exclude":false,"_sitemap_priority":"","_sitemap_frequency":"","_monsterinsights_skip_tracking":false,"_monsterinsights_sitenote_active":false,"_monsterinsights_sitenote_note":"","_monsterinsights_sitenote_category":0},"product_brand":[],"product_cat":[606],"product_tag":[],"class_list":{"0":"post-75271","1":"product","2":"type-product","3":"status-publish","4":"has-post-thumbnail","6":"product_cat-adesivos-de-dupla-face-para-plastificacao-a-frio","8":"first","9":"instock","10":"taxable","11":"shipping-taxable","12":"purchasable","13":"product-type-simple"},"yoast_head":"<!-- This site is optimized with the Yoast SEO plugin v24.7 - https:\/\/yoast.com\/wordpress\/plugins\/seo\/ -->\n<title>ADESIVO HOTPRESS REPOSICION\u00c1VEL DUPLA FACE RE-TAC - INGLET<\/title>\n<meta name=\"robots\" content=\"index, follow, max-snippet:-1, max-image-preview:large, max-video-preview:-1\" \/>\n<link rel=\"canonical\" href=\"https:\/\/www.inglet.com\/pt-pt\/producto\/adesivo-hotpress-reposicionavel-dupla-face-re-tac\/\" \/>\n<meta property=\"og:locale\" content=\"pt_PT\" \/>\n<meta property=\"og:type\" content=\"article\" \/>\n<meta property=\"og:title\" content=\"ADESIVO HOTPRESS REPOSICION\u00c1VEL DUPLA FACE RE-TAC - INGLET\" \/>\n<meta property=\"og:description\" content=\"O adesivo reposicion\u00e1vel ReTac HotPress 2 faces \u00e9 uma solu\u00e7\u00e3o inovadora para gr\u00e1ficos e decora\u00e7\u00f5es tempor\u00e1rias. Concebido para aplica\u00e7\u00f5es vers\u00e1teis, [&hellip;]\" \/>\n<meta property=\"og:url\" content=\"https:\/\/www.inglet.com\/pt-pt\/producto\/adesivo-hotpress-reposicionavel-dupla-face-re-tac\/\" \/>\n<meta property=\"og:site_name\" content=\"INGLET\" \/>\n<meta property=\"article:modified_time\" content=\"2025-01-23T10:59:25+00:00\" \/>\n<meta property=\"og:image\" content=\"https:\/\/www.inglet.com\/wp-content\/uploads\/2024\/07\/251190-1500x1500.jpg\" \/>\n\t<meta property=\"og:image:width\" content=\"1500\" \/>\n\t<meta property=\"og:image:height\" content=\"1500\" \/>\n\t<meta property=\"og:image:type\" content=\"image\/jpeg\" \/>\n<meta name=\"twitter:card\" content=\"summary_large_image\" \/>\n<meta name=\"twitter:label1\" content=\"Tempo estimado de leitura\" \/>\n\t<meta name=\"twitter:data1\" content=\"1 minuto\" \/>\n<script type=\"application\/ld+json\" class=\"yoast-schema-graph\">{\"@context\":\"https:\/\/schema.org\",\"@graph\":[{\"@type\":\"WebPage\",\"@id\":\"https:\/\/www.inglet.com\/pt-pt\/producto\/adesivo-hotpress-reposicionavel-dupla-face-re-tac\/\",\"url\":\"https:\/\/www.inglet.com\/pt-pt\/producto\/adesivo-hotpress-reposicionavel-dupla-face-re-tac\/\",\"name\":\"ADESIVO HOTPRESS REPOSICION\u00c1VEL DUPLA FACE RE-TAC - INGLET\",\"isPartOf\":{\"@id\":\"https:\/\/www.inglet.com\/pt-pt\/#website\"},\"primaryImageOfPage\":{\"@id\":\"https:\/\/www.inglet.com\/pt-pt\/producto\/adesivo-hotpress-reposicionavel-dupla-face-re-tac\/#primaryimage\"},\"image\":{\"@id\":\"https:\/\/www.inglet.com\/pt-pt\/producto\/adesivo-hotpress-reposicionavel-dupla-face-re-tac\/#primaryimage\"},\"thumbnailUrl\":\"https:\/\/www.inglet.com\/wp-content\/uploads\/2024\/07\/251190.jpg\",\"datePublished\":\"2024-07-05T11:41:16+00:00\",\"dateModified\":\"2025-01-23T10:59:25+00:00\",\"breadcrumb\":{\"@id\":\"https:\/\/www.inglet.com\/pt-pt\/producto\/adesivo-hotpress-reposicionavel-dupla-face-re-tac\/#breadcrumb\"},\"inLanguage\":\"pt-PT\",\"potentialAction\":[{\"@type\":\"ReadAction\",\"target\":[\"https:\/\/www.inglet.com\/pt-pt\/producto\/adesivo-hotpress-reposicionavel-dupla-face-re-tac\/\"]}]},{\"@type\":\"ImageObject\",\"inLanguage\":\"pt-PT\",\"@id\":\"https:\/\/www.inglet.com\/pt-pt\/producto\/adesivo-hotpress-reposicionavel-dupla-face-re-tac\/#primaryimage\",\"url\":\"https:\/\/www.inglet.com\/wp-content\/uploads\/2024\/07\/251190.jpg\",\"contentUrl\":\"https:\/\/www.inglet.com\/wp-content\/uploads\/2024\/07\/251190.jpg\",\"width\":1920,\"height\":1920,\"caption\":\"Adhesivo reposicionable ReTac HotPress 2 caras para gr\u00e1ficos y paredes\"},{\"@type\":\"BreadcrumbList\",\"@id\":\"https:\/\/www.inglet.com\/pt-pt\/producto\/adesivo-hotpress-reposicionavel-dupla-face-re-tac\/#breadcrumb\",\"itemListElement\":[{\"@type\":\"ListItem\",\"position\":1,\"name\":\"Portada\",\"item\":\"https:\/\/www.inglet.com\/pt-pt\/\"},{\"@type\":\"ListItem\",\"position\":2,\"name\":\"Tienda\",\"item\":\"https:\/\/www.inglet.com\/tienda\/\"},{\"@type\":\"ListItem\",\"position\":3,\"name\":\"ADESIVO HOTPRESS REPOSICION\u00c1VEL DUPLA FACE RE-TAC\"}]},{\"@type\":\"WebSite\",\"@id\":\"https:\/\/www.inglet.com\/pt-pt\/#website\",\"url\":\"https:\/\/www.inglet.com\/pt-pt\/\",\"name\":\"INGLET\",\"description\":\"Suministros para la enmarcaci\u00f3n y la  impresi\u00f3n digital\",\"publisher\":{\"@id\":\"https:\/\/www.inglet.com\/pt-pt\/#organization\"},\"potentialAction\":[{\"@type\":\"SearchAction\",\"target\":{\"@type\":\"EntryPoint\",\"urlTemplate\":\"https:\/\/www.inglet.com\/pt-pt\/?s={search_term_string}\"},\"query-input\":{\"@type\":\"PropertyValueSpecification\",\"valueRequired\":true,\"valueName\":\"search_term_string\"}}],\"inLanguage\":\"pt-PT\"},{\"@type\":\"Organization\",\"@id\":\"https:\/\/www.inglet.com\/pt-pt\/#organization\",\"name\":\"INGLET, SLU\",\"url\":\"https:\/\/www.inglet.com\/pt-pt\/\",\"logo\":{\"@type\":\"ImageObject\",\"inLanguage\":\"pt-PT\",\"@id\":\"https:\/\/www.inglet.com\/pt-pt\/#\/schema\/logo\/image\/\",\"url\":\"https:\/\/www.inglet.com\/wp-content\/uploads\/2019\/08\/Inglet-Logo.jpg\",\"contentUrl\":\"https:\/\/www.inglet.com\/wp-content\/uploads\/2019\/08\/Inglet-Logo.jpg\",\"width\":264,\"height\":342,\"caption\":\"INGLET, SLU\"},\"image\":{\"@id\":\"https:\/\/www.inglet.com\/pt-pt\/#\/schema\/logo\/image\/\"}}]}<\/script>\n<!-- \/ Yoast SEO plugin. -->","yoast_head_json":{"title":"ADESIVO HOTPRESS REPOSICION\u00c1VEL DUPLA FACE RE-TAC - INGLET","robots":{"index":"index","follow":"follow","max-snippet":"max-snippet:-1","max-image-preview":"max-image-preview:large","max-video-preview":"max-video-preview:-1"},"canonical":"https:\/\/www.inglet.com\/pt-pt\/producto\/adesivo-hotpress-reposicionavel-dupla-face-re-tac\/","og_locale":"pt_PT","og_type":"article","og_title":"ADESIVO HOTPRESS REPOSICION\u00c1VEL DUPLA FACE RE-TAC - INGLET","og_description":"O adesivo reposicion\u00e1vel ReTac HotPress 2 faces \u00e9 uma solu\u00e7\u00e3o inovadora para gr\u00e1ficos e decora\u00e7\u00f5es tempor\u00e1rias. Concebido para aplica\u00e7\u00f5es vers\u00e1teis, [&hellip;]","og_url":"https:\/\/www.inglet.com\/pt-pt\/producto\/adesivo-hotpress-reposicionavel-dupla-face-re-tac\/","og_site_name":"INGLET","article_modified_time":"2025-01-23T10:59:25+00:00","og_image":[{"width":1500,"height":1500,"url":"https:\/\/www.inglet.com\/wp-content\/uploads\/2024\/07\/251190-1500x1500.jpg","type":"image\/jpeg"}],"twitter_card":"summary_large_image","twitter_misc":{"Tempo estimado de leitura":"1 minuto"},"schema":{"@context":"https:\/\/schema.org","@graph":[{"@type":"WebPage","@id":"https:\/\/www.inglet.com\/pt-pt\/producto\/adesivo-hotpress-reposicionavel-dupla-face-re-tac\/","url":"https:\/\/www.inglet.com\/pt-pt\/producto\/adesivo-hotpress-reposicionavel-dupla-face-re-tac\/","name":"ADESIVO HOTPRESS REPOSICION\u00c1VEL DUPLA FACE RE-TAC - INGLET","isPartOf":{"@id":"https:\/\/www.inglet.com\/pt-pt\/#website"},"primaryImageOfPage":{"@id":"https:\/\/www.inglet.com\/pt-pt\/producto\/adesivo-hotpress-reposicionavel-dupla-face-re-tac\/#primaryimage"},"image":{"@id":"https:\/\/www.inglet.com\/pt-pt\/producto\/adesivo-hotpress-reposicionavel-dupla-face-re-tac\/#primaryimage"},"thumbnailUrl":"https:\/\/www.inglet.com\/wp-content\/uploads\/2024\/07\/251190.jpg","datePublished":"2024-07-05T11:41:16+00:00","dateModified":"2025-01-23T10:59:25+00:00","breadcrumb":{"@id":"https:\/\/www.inglet.com\/pt-pt\/producto\/adesivo-hotpress-reposicionavel-dupla-face-re-tac\/#breadcrumb"},"inLanguage":"pt-PT","potentialAction":[{"@type":"ReadAction","target":["https:\/\/www.inglet.com\/pt-pt\/producto\/adesivo-hotpress-reposicionavel-dupla-face-re-tac\/"]}]},{"@type":"ImageObject","inLanguage":"pt-PT","@id":"https:\/\/www.inglet.com\/pt-pt\/producto\/adesivo-hotpress-reposicionavel-dupla-face-re-tac\/#primaryimage","url":"https:\/\/www.inglet.com\/wp-content\/uploads\/2024\/07\/251190.jpg","contentUrl":"https:\/\/www.inglet.com\/wp-content\/uploads\/2024\/07\/251190.jpg","width":1920,"height":1920,"caption":"Adhesivo reposicionable ReTac HotPress 2 caras para gr\u00e1ficos y paredes"},{"@type":"BreadcrumbList","@id":"https:\/\/www.inglet.com\/pt-pt\/producto\/adesivo-hotpress-reposicionavel-dupla-face-re-tac\/#breadcrumb","itemListElement":[{"@type":"ListItem","position":1,"name":"Portada","item":"https:\/\/www.inglet.com\/pt-pt\/"},{"@type":"ListItem","position":2,"name":"Tienda","item":"https:\/\/www.inglet.com\/tienda\/"},{"@type":"ListItem","position":3,"name":"ADESIVO HOTPRESS REPOSICION\u00c1VEL DUPLA FACE RE-TAC"}]},{"@type":"WebSite","@id":"https:\/\/www.inglet.com\/pt-pt\/#website","url":"https:\/\/www.inglet.com\/pt-pt\/","name":"INGLET","description":"Suministros para la enmarcaci\u00f3n y la  impresi\u00f3n digital","publisher":{"@id":"https:\/\/www.inglet.com\/pt-pt\/#organization"},"potentialAction":[{"@type":"SearchAction","target":{"@type":"EntryPoint","urlTemplate":"https:\/\/www.inglet.com\/pt-pt\/?s={search_term_string}"},"query-input":{"@type":"PropertyValueSpecification","valueRequired":true,"valueName":"search_term_string"}}],"inLanguage":"pt-PT"},{"@type":"Organization","@id":"https:\/\/www.inglet.com\/pt-pt\/#organization","name":"INGLET, SLU","url":"https:\/\/www.inglet.com\/pt-pt\/","logo":{"@type":"ImageObject","inLanguage":"pt-PT","@id":"https:\/\/www.inglet.com\/pt-pt\/#\/schema\/logo\/image\/","url":"https:\/\/www.inglet.com\/wp-content\/uploads\/2019\/08\/Inglet-Logo.jpg","contentUrl":"https:\/\/www.inglet.com\/wp-content\/uploads\/2019\/08\/Inglet-Logo.jpg","width":264,"height":342,"caption":"INGLET, SLU"},"image":{"@id":"https:\/\/www.inglet.com\/pt-pt\/#\/schema\/logo\/image\/"}}]}},"_links":{"self":[{"href":"https:\/\/www.inglet.com\/pt-pt\/wp-json\/wp\/v2\/product\/75271","targetHints":{"allow":["GET"]}}],"collection":[{"href":"https:\/\/www.inglet.com\/pt-pt\/wp-json\/wp\/v2\/product"}],"about":[{"href":"https:\/\/www.inglet.com\/pt-pt\/wp-json\/wp\/v2\/types\/product"}],"wp:featuredmedia":[{"embeddable":true,"href":"https:\/\/www.inglet.com\/pt-pt\/wp-json\/wp\/v2\/media\/75265"}],"wp:attachment":[{"href":"https:\/\/www.inglet.com\/pt-pt\/wp-json\/wp\/v2\/media?parent=75271"}],"wp:term":[{"taxonomy":"product_brand","embeddable":true,"href":"https:\/\/www.inglet.com\/pt-pt\/wp-json\/wp\/v2\/product_brand?post=75271"},{"taxonomy":"product_cat","embeddable":true,"href":"https:\/\/www.inglet.com\/pt-pt\/wp-json\/wp\/v2\/product_cat?post=75271"},{"taxonomy":"product_tag","embeddable":true,"href":"https:\/\/www.inglet.com\/pt-pt\/wp-json\/wp\/v2\/product_tag?post=75271"}],"curies":[{"name":"wp","href":"https:\/\/api.w.org\/{rel}","templated":true}]}}