{"id":79119,"date":"2025-04-09T08:45:00","date_gmt":"2025-04-09T06:45:00","guid":{"rendered":"https:\/\/www.inglet.com\/producto\/79119\/"},"modified":"2025-04-09T11:11:17","modified_gmt":"2025-04-09T09:11:17","slug":"79119","status":"publish","type":"product","link":"https:\/\/www.inglet.com\/pt-pt\/producto\/79119\/","title":{"rendered":"GUILHOTINA MORSO &#8220;EH&#8221; ELECTRO-HIDR\u00c1ULICA"},"content":{"rendered":"<p><strong>A MORSO-EH \u00e9 uma guillotine de esquadrias totalmente autom\u00e1tica, el\u00e9ctrica\/hidr\u00e1ulica,<\/strong> equipada com um sistema de acionamento a duas m\u00e3os. Este sistema garante total seguran\u00e7a, tornando imposs\u00edvel operar a m\u00e1quina e tocar nas l\u00e2minas ao mesmo tempo.<\/p>\n<p><strong>Corta todos os tipos de madeira, pl\u00e1stico, MDF e contraplacado.<\/strong> Com a MORSO-EH obt\u00e9m-se um corte limpo e suave atrav\u00e9s de um processo autom\u00e1tico que realiza, no m\u00ednimo, duas passagens. O tempo de corte come\u00e7a a partir de 1 segundo, variando conforme a espessura da pe\u00e7a.<\/p>\n<p><strong>Ap\u00f3s o corte, o bloco de l\u00e2minas regressa automaticamente \u00e0 posi\u00e7\u00e3o inicial.<\/strong> Esta posi\u00e7\u00e3o (movimento horizontal) \u00e9 ajust\u00e1vel at\u00e9 60 mm (2\u00bd&#8221;). A largura m\u00e1xima da pe\u00e7a \u00e9 de 100 mm (4&#8243;). Para larguras superiores a 60 mm, a MORSO-EH corta automaticamente em v\u00e1rias etapas. O ajuste \u00e9 feito atrav\u00e9s de uma alavanca situada na frente da m\u00e1quina.<\/p>\n<p><strong>O movimento vertical do bloco de l\u00e2minas tamb\u00e9m \u00e9 ajust\u00e1vel em tr\u00eas alturas diferentes,<\/strong> conforme a espessura da pe\u00e7a (pequena, m\u00e9dia ou grande). Estas regula\u00e7\u00f5es garantem cortes precisos e consistentes.<\/p>\n<p><strong>A MORSO-EH tem certifica\u00e7\u00e3o CE<\/strong> e est\u00e1 dispon\u00edvel com motor monof\u00e1sico ou trif\u00e1sico, com a voltagem configurada de acordo com as suas necessidades.<\/p>\n","protected":false},"excerpt":{"rendered":"<p>A MORSO-EH \u00e9 uma guillotine de esquadrias totalmente autom\u00e1tica, el\u00e9ctrica\/hidr\u00e1ulica, equipada com um sistema de acionamento a duas m\u00e3os. Este [&hellip;]<\/p>\n","protected":false},"featured_media":38650,"template":"","meta":{"_sitemap_exclude":false,"_sitemap_priority":"","_sitemap_frequency":"","_monsterinsights_skip_tracking":false,"_monsterinsights_sitenote_active":false,"_monsterinsights_sitenote_note":"","_monsterinsights_sitenote_category":0},"product_brand":[],"product_cat":[1603],"product_tag":[],"class_list":{"0":"post-79119","1":"product","2":"type-product","3":"status-publish","4":"has-post-thumbnail","6":"product_cat-guilhotinas","8":"first","9":"instock","10":"taxable","11":"shipping-taxable","12":"product-type-grouped"},"yoast_head":"<!-- This site is optimized with the Yoast SEO plugin v24.7 - https:\/\/yoast.com\/wordpress\/plugins\/seo\/ -->\n<title>GUILHOTINA MORSO &quot;EH&quot; ELECTRO-HIDR\u00c1ULICA - INGLET<\/title>\n<meta name=\"robots\" content=\"index, follow, max-snippet:-1, max-image-preview:large, max-video-preview:-1\" \/>\n<link rel=\"canonical\" href=\"https:\/\/www.inglet.com\/pt-pt\/producto\/79119\/\" \/>\n<meta property=\"og:locale\" content=\"pt_PT\" \/>\n<meta property=\"og:type\" content=\"article\" \/>\n<meta property=\"og:title\" content=\"GUILHOTINA MORSO &quot;EH&quot; ELECTRO-HIDR\u00c1ULICA - INGLET\" \/>\n<meta property=\"og:description\" content=\"A MORSO-EH \u00e9 uma guillotine de esquadrias totalmente autom\u00e1tica, el\u00e9ctrica\/hidr\u00e1ulica, equipada com um sistema de acionamento a duas m\u00e3os. Este [&hellip;]\" \/>\n<meta property=\"og:url\" content=\"https:\/\/www.inglet.com\/pt-pt\/producto\/79119\/\" \/>\n<meta property=\"og:site_name\" content=\"INGLET\" \/>\n<meta property=\"article:modified_time\" content=\"2025-04-09T09:11:17+00:00\" \/>\n<meta property=\"og:image\" content=\"https:\/\/www.inglet.com\/wp-content\/uploads\/2020\/01\/020310.jpg\" \/>\n\t<meta property=\"og:image:width\" content=\"800\" \/>\n\t<meta property=\"og:image:height\" content=\"800\" \/>\n\t<meta property=\"og:image:type\" content=\"image\/jpeg\" \/>\n<meta name=\"twitter:card\" content=\"summary_large_image\" \/>\n<meta name=\"twitter:label1\" content=\"Tempo estimado de leitura\" \/>\n\t<meta name=\"twitter:data1\" content=\"1 minuto\" \/>\n<script type=\"application\/ld+json\" class=\"yoast-schema-graph\">{\"@context\":\"https:\/\/schema.org\",\"@graph\":[{\"@type\":\"WebPage\",\"@id\":\"https:\/\/www.inglet.com\/pt-pt\/producto\/79119\/\",\"url\":\"https:\/\/www.inglet.com\/pt-pt\/producto\/79119\/\",\"name\":\"GUILHOTINA MORSO \\\"EH\\\" ELECTRO-HIDR\u00c1ULICA - INGLET\",\"isPartOf\":{\"@id\":\"https:\/\/www.inglet.com\/pt-pt\/#website\"},\"primaryImageOfPage\":{\"@id\":\"https:\/\/www.inglet.com\/pt-pt\/producto\/79119\/#primaryimage\"},\"image\":{\"@id\":\"https:\/\/www.inglet.com\/pt-pt\/producto\/79119\/#primaryimage\"},\"thumbnailUrl\":\"https:\/\/www.inglet.com\/wp-content\/uploads\/2020\/01\/020310.jpg\",\"datePublished\":\"2025-04-09T06:45:00+00:00\",\"dateModified\":\"2025-04-09T09:11:17+00:00\",\"breadcrumb\":{\"@id\":\"https:\/\/www.inglet.com\/pt-pt\/producto\/79119\/#breadcrumb\"},\"inLanguage\":\"pt-PT\",\"potentialAction\":[{\"@type\":\"ReadAction\",\"target\":[\"https:\/\/www.inglet.com\/pt-pt\/producto\/79119\/\"]}]},{\"@type\":\"ImageObject\",\"inLanguage\":\"pt-PT\",\"@id\":\"https:\/\/www.inglet.com\/pt-pt\/producto\/79119\/#primaryimage\",\"url\":\"https:\/\/www.inglet.com\/wp-content\/uploads\/2020\/01\/020310.jpg\",\"contentUrl\":\"https:\/\/www.inglet.com\/wp-content\/uploads\/2020\/01\/020310.jpg\",\"width\":800,\"height\":800},{\"@type\":\"BreadcrumbList\",\"@id\":\"https:\/\/www.inglet.com\/pt-pt\/producto\/79119\/#breadcrumb\",\"itemListElement\":[{\"@type\":\"ListItem\",\"position\":1,\"name\":\"Portada\",\"item\":\"https:\/\/www.inglet.com\/pt-pt\/\"},{\"@type\":\"ListItem\",\"position\":2,\"name\":\"Tienda\",\"item\":\"https:\/\/www.inglet.com\/tienda\/\"},{\"@type\":\"ListItem\",\"position\":3,\"name\":\"GUILHOTINA MORSO &#8220;EH&#8221; ELECTRO-HIDR\u00c1ULICA\"}]},{\"@type\":\"WebSite\",\"@id\":\"https:\/\/www.inglet.com\/pt-pt\/#website\",\"url\":\"https:\/\/www.inglet.com\/pt-pt\/\",\"name\":\"INGLET\",\"description\":\"Suministros para la enmarcaci\u00f3n y la  impresi\u00f3n digital\",\"publisher\":{\"@id\":\"https:\/\/www.inglet.com\/pt-pt\/#organization\"},\"potentialAction\":[{\"@type\":\"SearchAction\",\"target\":{\"@type\":\"EntryPoint\",\"urlTemplate\":\"https:\/\/www.inglet.com\/pt-pt\/?s={search_term_string}\"},\"query-input\":{\"@type\":\"PropertyValueSpecification\",\"valueRequired\":true,\"valueName\":\"search_term_string\"}}],\"inLanguage\":\"pt-PT\"},{\"@type\":\"Organization\",\"@id\":\"https:\/\/www.inglet.com\/pt-pt\/#organization\",\"name\":\"INGLET, SLU\",\"url\":\"https:\/\/www.inglet.com\/pt-pt\/\",\"logo\":{\"@type\":\"ImageObject\",\"inLanguage\":\"pt-PT\",\"@id\":\"https:\/\/www.inglet.com\/pt-pt\/#\/schema\/logo\/image\/\",\"url\":\"https:\/\/www.inglet.com\/wp-content\/uploads\/2019\/08\/Inglet-Logo.jpg\",\"contentUrl\":\"https:\/\/www.inglet.com\/wp-content\/uploads\/2019\/08\/Inglet-Logo.jpg\",\"width\":264,\"height\":342,\"caption\":\"INGLET, SLU\"},\"image\":{\"@id\":\"https:\/\/www.inglet.com\/pt-pt\/#\/schema\/logo\/image\/\"}}]}<\/script>\n<!-- \/ Yoast SEO plugin. -->","yoast_head_json":{"title":"GUILHOTINA MORSO \"EH\" ELECTRO-HIDR\u00c1ULICA - INGLET","robots":{"index":"index","follow":"follow","max-snippet":"max-snippet:-1","max-image-preview":"max-image-preview:large","max-video-preview":"max-video-preview:-1"},"canonical":"https:\/\/www.inglet.com\/pt-pt\/producto\/79119\/","og_locale":"pt_PT","og_type":"article","og_title":"GUILHOTINA MORSO \"EH\" ELECTRO-HIDR\u00c1ULICA - INGLET","og_description":"A MORSO-EH \u00e9 uma guillotine de esquadrias totalmente autom\u00e1tica, el\u00e9ctrica\/hidr\u00e1ulica, equipada com um sistema de acionamento a duas m\u00e3os. Este [&hellip;]","og_url":"https:\/\/www.inglet.com\/pt-pt\/producto\/79119\/","og_site_name":"INGLET","article_modified_time":"2025-04-09T09:11:17+00:00","og_image":[{"width":800,"height":800,"url":"https:\/\/www.inglet.com\/wp-content\/uploads\/2020\/01\/020310.jpg","type":"image\/jpeg"}],"twitter_card":"summary_large_image","twitter_misc":{"Tempo estimado de leitura":"1 minuto"},"schema":{"@context":"https:\/\/schema.org","@graph":[{"@type":"WebPage","@id":"https:\/\/www.inglet.com\/pt-pt\/producto\/79119\/","url":"https:\/\/www.inglet.com\/pt-pt\/producto\/79119\/","name":"GUILHOTINA MORSO \"EH\" ELECTRO-HIDR\u00c1ULICA - INGLET","isPartOf":{"@id":"https:\/\/www.inglet.com\/pt-pt\/#website"},"primaryImageOfPage":{"@id":"https:\/\/www.inglet.com\/pt-pt\/producto\/79119\/#primaryimage"},"image":{"@id":"https:\/\/www.inglet.com\/pt-pt\/producto\/79119\/#primaryimage"},"thumbnailUrl":"https:\/\/www.inglet.com\/wp-content\/uploads\/2020\/01\/020310.jpg","datePublished":"2025-04-09T06:45:00+00:00","dateModified":"2025-04-09T09:11:17+00:00","breadcrumb":{"@id":"https:\/\/www.inglet.com\/pt-pt\/producto\/79119\/#breadcrumb"},"inLanguage":"pt-PT","potentialAction":[{"@type":"ReadAction","target":["https:\/\/www.inglet.com\/pt-pt\/producto\/79119\/"]}]},{"@type":"ImageObject","inLanguage":"pt-PT","@id":"https:\/\/www.inglet.com\/pt-pt\/producto\/79119\/#primaryimage","url":"https:\/\/www.inglet.com\/wp-content\/uploads\/2020\/01\/020310.jpg","contentUrl":"https:\/\/www.inglet.com\/wp-content\/uploads\/2020\/01\/020310.jpg","width":800,"height":800},{"@type":"BreadcrumbList","@id":"https:\/\/www.inglet.com\/pt-pt\/producto\/79119\/#breadcrumb","itemListElement":[{"@type":"ListItem","position":1,"name":"Portada","item":"https:\/\/www.inglet.com\/pt-pt\/"},{"@type":"ListItem","position":2,"name":"Tienda","item":"https:\/\/www.inglet.com\/tienda\/"},{"@type":"ListItem","position":3,"name":"GUILHOTINA MORSO &#8220;EH&#8221; ELECTRO-HIDR\u00c1ULICA"}]},{"@type":"WebSite","@id":"https:\/\/www.inglet.com\/pt-pt\/#website","url":"https:\/\/www.inglet.com\/pt-pt\/","name":"INGLET","description":"Suministros para la enmarcaci\u00f3n y la  impresi\u00f3n digital","publisher":{"@id":"https:\/\/www.inglet.com\/pt-pt\/#organization"},"potentialAction":[{"@type":"SearchAction","target":{"@type":"EntryPoint","urlTemplate":"https:\/\/www.inglet.com\/pt-pt\/?s={search_term_string}"},"query-input":{"@type":"PropertyValueSpecification","valueRequired":true,"valueName":"search_term_string"}}],"inLanguage":"pt-PT"},{"@type":"Organization","@id":"https:\/\/www.inglet.com\/pt-pt\/#organization","name":"INGLET, SLU","url":"https:\/\/www.inglet.com\/pt-pt\/","logo":{"@type":"ImageObject","inLanguage":"pt-PT","@id":"https:\/\/www.inglet.com\/pt-pt\/#\/schema\/logo\/image\/","url":"https:\/\/www.inglet.com\/wp-content\/uploads\/2019\/08\/Inglet-Logo.jpg","contentUrl":"https:\/\/www.inglet.com\/wp-content\/uploads\/2019\/08\/Inglet-Logo.jpg","width":264,"height":342,"caption":"INGLET, SLU"},"image":{"@id":"https:\/\/www.inglet.com\/pt-pt\/#\/schema\/logo\/image\/"}}]}},"_links":{"self":[{"href":"https:\/\/www.inglet.com\/pt-pt\/wp-json\/wp\/v2\/product\/79119","targetHints":{"allow":["GET"]}}],"collection":[{"href":"https:\/\/www.inglet.com\/pt-pt\/wp-json\/wp\/v2\/product"}],"about":[{"href":"https:\/\/www.inglet.com\/pt-pt\/wp-json\/wp\/v2\/types\/product"}],"wp:featuredmedia":[{"embeddable":true,"href":"https:\/\/www.inglet.com\/pt-pt\/wp-json\/wp\/v2\/media\/38650"}],"wp:attachment":[{"href":"https:\/\/www.inglet.com\/pt-pt\/wp-json\/wp\/v2\/media?parent=79119"}],"wp:term":[{"taxonomy":"product_brand","embeddable":true,"href":"https:\/\/www.inglet.com\/pt-pt\/wp-json\/wp\/v2\/product_brand?post=79119"},{"taxonomy":"product_cat","embeddable":true,"href":"https:\/\/www.inglet.com\/pt-pt\/wp-json\/wp\/v2\/product_cat?post=79119"},{"taxonomy":"product_tag","embeddable":true,"href":"https:\/\/www.inglet.com\/pt-pt\/wp-json\/wp\/v2\/product_tag?post=79119"}],"curies":[{"name":"wp","href":"https:\/\/api.w.org\/{rel}","templated":true}]}}