{"id":79169,"date":"2025-04-09T11:39:26","date_gmt":"2025-04-09T09:39:26","guid":{"rendered":"https:\/\/www.inglet.com\/producto\/guilhotina-morso-eh-electro-hidraulica-turbo-380-v\/"},"modified":"2025-04-09T12:12:39","modified_gmt":"2025-04-09T10:12:39","slug":"guilhotina-morso-eh-electro-hidraulica-turbo-380-v","status":"publish","type":"product","link":"https:\/\/www.inglet.com\/pt-pt\/producto\/guilhotina-morso-eh-electro-hidraulica-turbo-380-v\/","title":{"rendered":"GUILHOTINA MORSO &#8220;EH&#8221; ELECTRO-HIDR\u00c1ULICA TURBO, 380 V"},"content":{"rendered":"<p><strong>A MORSO-EH TURBO \u00e9 uma guilhotina para ingletes totalmente autom\u00e1tica,<\/strong> que combina tecnologia el\u00e9trica e hidr\u00e1ulica, e conta com um sistema duplo de liberta\u00e7\u00e3o manual. Este design garante que a m\u00e1quina seja totalmente segura, pois \u00e9 imposs\u00edvel operar a m\u00e1quina e tocar nas l\u00e2minas ao mesmo tempo.<\/p>\n<p><strong>\u00c9 capaz de cortar todo o tipo de materiais, incluindo madeira, pl\u00e1stico, MDF e contraplacado.<\/strong> Gra\u00e7as ao seu sistema de corte autom\u00e1tico, o processo garante um corte limpo e suave, dividindo a pe\u00e7a de trabalho em pelo menos dois cortes. O tempo de corte varia, sendo inferior a um segundo, dependendo da espessura do material. Uma vez finalizado o corte, o bloco de l\u00e2minas retorna automaticamente \u00e0 posi\u00e7\u00e3o inicial.<\/p>\n<p><strong>A posi\u00e7\u00e3o de in\u00edcio (movimento horizontal) \u00e9 ajust\u00e1vel at\u00e9 60 mm (2 1\/2\u201d).<\/strong> A largura m\u00e1xima da pe\u00e7a de trabalho \u00e9 de 100 mm (4\u201d). A partir dos 60 mm, a MORSO-TURBOH cortar\u00e1 a pe\u00e7a de trabalho de forma progressiva, em pequenos fragmentos. Este ajuste \u00e9 feito atrav\u00e9s de uma manivela localizada na parte frontal da m\u00e1quina.<\/p>\n<p><strong>O movimento vertical do bloco de l\u00e2minas tamb\u00e9m \u00e9 ajust\u00e1vel<\/strong>, com tr\u00eas alturas diferentes, dependendo da espessura da pe\u00e7a a cortar (pequena, m\u00e9dia ou grande). Estes ajustes permitem que a MORSO-EH TURBO ofere\u00e7a cortes limpos e mais precisos de forma constante.<\/p>\n<p><strong>A MORSO-EH TURBO tem as mesmas caracter\u00edsticas que a <a href=\"https:\/\/www.inglet.com\/pt-pt\/producto\/79119\/\">MORSO-EH<\/a><\/strong>, mas o seu ciclo de corte \u00e9 50% mais r\u00e1pido. Al\u00e9m disso, possui a certifica\u00e7\u00e3o CE, garantindo o cumprimento das normas de seguran\u00e7a e qualidade.<\/p>\n","protected":false},"excerpt":{"rendered":"<p>A MORSO-EH TURBO \u00e9 uma guilhotina para ingletes totalmente autom\u00e1tica, que combina tecnologia el\u00e9trica e hidr\u00e1ulica, e conta com um [&hellip;]<\/p>\n","protected":false},"featured_media":38650,"template":"","meta":{"_sitemap_exclude":false,"_sitemap_priority":"","_sitemap_frequency":"","_monsterinsights_skip_tracking":false,"_monsterinsights_sitenote_active":false,"_monsterinsights_sitenote_note":"","_monsterinsights_sitenote_category":0},"product_brand":[],"product_cat":[1603],"product_tag":[],"class_list":{"0":"post-79169","1":"product","2":"type-product","3":"status-publish","4":"has-post-thumbnail","6":"product_cat-guilhotinas","8":"first","9":"instock","10":"taxable","11":"shipping-taxable","12":"purchasable","13":"product-type-simple"},"yoast_head":"<!-- This site is optimized with the Yoast SEO plugin v24.7 - https:\/\/yoast.com\/wordpress\/plugins\/seo\/ -->\n<title>GUILHOTINA MORSO &quot;EH&quot; ELECTRO-HIDR\u00c1ULICA TURBO, 380 V - INGLET<\/title>\n<meta name=\"robots\" content=\"index, follow, max-snippet:-1, max-image-preview:large, max-video-preview:-1\" \/>\n<link rel=\"canonical\" href=\"https:\/\/www.inglet.com\/pt-pt\/producto\/guilhotina-morso-eh-electro-hidraulica-turbo-380-v\/\" \/>\n<meta property=\"og:locale\" content=\"pt_PT\" \/>\n<meta property=\"og:type\" content=\"article\" \/>\n<meta property=\"og:title\" content=\"GUILHOTINA MORSO &quot;EH&quot; ELECTRO-HIDR\u00c1ULICA TURBO, 380 V - INGLET\" \/>\n<meta property=\"og:description\" content=\"A MORSO-EH TURBO \u00e9 uma guilhotina para ingletes totalmente autom\u00e1tica, que combina tecnologia el\u00e9trica e hidr\u00e1ulica, e conta com um [&hellip;]\" \/>\n<meta property=\"og:url\" content=\"https:\/\/www.inglet.com\/pt-pt\/producto\/guilhotina-morso-eh-electro-hidraulica-turbo-380-v\/\" \/>\n<meta property=\"og:site_name\" content=\"INGLET\" \/>\n<meta property=\"article:modified_time\" content=\"2025-04-09T10:12:39+00:00\" \/>\n<meta property=\"og:image\" content=\"https:\/\/www.inglet.com\/wp-content\/uploads\/2020\/01\/020310.jpg\" \/>\n\t<meta property=\"og:image:width\" content=\"800\" \/>\n\t<meta property=\"og:image:height\" content=\"800\" \/>\n\t<meta property=\"og:image:type\" content=\"image\/jpeg\" \/>\n<meta name=\"twitter:card\" content=\"summary_large_image\" \/>\n<meta name=\"twitter:label1\" content=\"Tempo estimado de leitura\" \/>\n\t<meta name=\"twitter:data1\" content=\"2 minutos\" \/>\n<script type=\"application\/ld+json\" class=\"yoast-schema-graph\">{\"@context\":\"https:\/\/schema.org\",\"@graph\":[{\"@type\":\"WebPage\",\"@id\":\"https:\/\/www.inglet.com\/pt-pt\/producto\/guilhotina-morso-eh-electro-hidraulica-turbo-380-v\/\",\"url\":\"https:\/\/www.inglet.com\/pt-pt\/producto\/guilhotina-morso-eh-electro-hidraulica-turbo-380-v\/\",\"name\":\"GUILHOTINA MORSO \\\"EH\\\" ELECTRO-HIDR\u00c1ULICA TURBO, 380 V - INGLET\",\"isPartOf\":{\"@id\":\"https:\/\/www.inglet.com\/pt-pt\/#website\"},\"primaryImageOfPage\":{\"@id\":\"https:\/\/www.inglet.com\/pt-pt\/producto\/guilhotina-morso-eh-electro-hidraulica-turbo-380-v\/#primaryimage\"},\"image\":{\"@id\":\"https:\/\/www.inglet.com\/pt-pt\/producto\/guilhotina-morso-eh-electro-hidraulica-turbo-380-v\/#primaryimage\"},\"thumbnailUrl\":\"https:\/\/www.inglet.com\/wp-content\/uploads\/2020\/01\/020310.jpg\",\"datePublished\":\"2025-04-09T09:39:26+00:00\",\"dateModified\":\"2025-04-09T10:12:39+00:00\",\"breadcrumb\":{\"@id\":\"https:\/\/www.inglet.com\/pt-pt\/producto\/guilhotina-morso-eh-electro-hidraulica-turbo-380-v\/#breadcrumb\"},\"inLanguage\":\"pt-PT\",\"potentialAction\":[{\"@type\":\"ReadAction\",\"target\":[\"https:\/\/www.inglet.com\/pt-pt\/producto\/guilhotina-morso-eh-electro-hidraulica-turbo-380-v\/\"]}]},{\"@type\":\"ImageObject\",\"inLanguage\":\"pt-PT\",\"@id\":\"https:\/\/www.inglet.com\/pt-pt\/producto\/guilhotina-morso-eh-electro-hidraulica-turbo-380-v\/#primaryimage\",\"url\":\"https:\/\/www.inglet.com\/wp-content\/uploads\/2020\/01\/020310.jpg\",\"contentUrl\":\"https:\/\/www.inglet.com\/wp-content\/uploads\/2020\/01\/020310.jpg\",\"width\":800,\"height\":800},{\"@type\":\"BreadcrumbList\",\"@id\":\"https:\/\/www.inglet.com\/pt-pt\/producto\/guilhotina-morso-eh-electro-hidraulica-turbo-380-v\/#breadcrumb\",\"itemListElement\":[{\"@type\":\"ListItem\",\"position\":1,\"name\":\"Portada\",\"item\":\"https:\/\/www.inglet.com\/pt-pt\/\"},{\"@type\":\"ListItem\",\"position\":2,\"name\":\"Tienda\",\"item\":\"https:\/\/www.inglet.com\/tienda\/\"},{\"@type\":\"ListItem\",\"position\":3,\"name\":\"GUILHOTINA MORSO \u00abEH\u00bb ELECTRO-HIDR\u00c1ULICA TURBO, 380 V\"}]},{\"@type\":\"WebSite\",\"@id\":\"https:\/\/www.inglet.com\/pt-pt\/#website\",\"url\":\"https:\/\/www.inglet.com\/pt-pt\/\",\"name\":\"INGLET\",\"description\":\"Suministros para la enmarcaci\u00f3n y la  impresi\u00f3n digital\",\"publisher\":{\"@id\":\"https:\/\/www.inglet.com\/pt-pt\/#organization\"},\"potentialAction\":[{\"@type\":\"SearchAction\",\"target\":{\"@type\":\"EntryPoint\",\"urlTemplate\":\"https:\/\/www.inglet.com\/pt-pt\/?s={search_term_string}\"},\"query-input\":{\"@type\":\"PropertyValueSpecification\",\"valueRequired\":true,\"valueName\":\"search_term_string\"}}],\"inLanguage\":\"pt-PT\"},{\"@type\":\"Organization\",\"@id\":\"https:\/\/www.inglet.com\/pt-pt\/#organization\",\"name\":\"INGLET, SLU\",\"url\":\"https:\/\/www.inglet.com\/pt-pt\/\",\"logo\":{\"@type\":\"ImageObject\",\"inLanguage\":\"pt-PT\",\"@id\":\"https:\/\/www.inglet.com\/pt-pt\/#\/schema\/logo\/image\/\",\"url\":\"https:\/\/www.inglet.com\/wp-content\/uploads\/2019\/08\/Inglet-Logo.jpg\",\"contentUrl\":\"https:\/\/www.inglet.com\/wp-content\/uploads\/2019\/08\/Inglet-Logo.jpg\",\"width\":264,\"height\":342,\"caption\":\"INGLET, SLU\"},\"image\":{\"@id\":\"https:\/\/www.inglet.com\/pt-pt\/#\/schema\/logo\/image\/\"}}]}<\/script>\n<!-- \/ Yoast SEO plugin. -->","yoast_head_json":{"title":"GUILHOTINA MORSO \"EH\" ELECTRO-HIDR\u00c1ULICA TURBO, 380 V - INGLET","robots":{"index":"index","follow":"follow","max-snippet":"max-snippet:-1","max-image-preview":"max-image-preview:large","max-video-preview":"max-video-preview:-1"},"canonical":"https:\/\/www.inglet.com\/pt-pt\/producto\/guilhotina-morso-eh-electro-hidraulica-turbo-380-v\/","og_locale":"pt_PT","og_type":"article","og_title":"GUILHOTINA MORSO \"EH\" ELECTRO-HIDR\u00c1ULICA TURBO, 380 V - INGLET","og_description":"A MORSO-EH TURBO \u00e9 uma guilhotina para ingletes totalmente autom\u00e1tica, que combina tecnologia el\u00e9trica e hidr\u00e1ulica, e conta com um [&hellip;]","og_url":"https:\/\/www.inglet.com\/pt-pt\/producto\/guilhotina-morso-eh-electro-hidraulica-turbo-380-v\/","og_site_name":"INGLET","article_modified_time":"2025-04-09T10:12:39+00:00","og_image":[{"width":800,"height":800,"url":"https:\/\/www.inglet.com\/wp-content\/uploads\/2020\/01\/020310.jpg","type":"image\/jpeg"}],"twitter_card":"summary_large_image","twitter_misc":{"Tempo estimado de leitura":"2 minutos"},"schema":{"@context":"https:\/\/schema.org","@graph":[{"@type":"WebPage","@id":"https:\/\/www.inglet.com\/pt-pt\/producto\/guilhotina-morso-eh-electro-hidraulica-turbo-380-v\/","url":"https:\/\/www.inglet.com\/pt-pt\/producto\/guilhotina-morso-eh-electro-hidraulica-turbo-380-v\/","name":"GUILHOTINA MORSO \"EH\" ELECTRO-HIDR\u00c1ULICA TURBO, 380 V - INGLET","isPartOf":{"@id":"https:\/\/www.inglet.com\/pt-pt\/#website"},"primaryImageOfPage":{"@id":"https:\/\/www.inglet.com\/pt-pt\/producto\/guilhotina-morso-eh-electro-hidraulica-turbo-380-v\/#primaryimage"},"image":{"@id":"https:\/\/www.inglet.com\/pt-pt\/producto\/guilhotina-morso-eh-electro-hidraulica-turbo-380-v\/#primaryimage"},"thumbnailUrl":"https:\/\/www.inglet.com\/wp-content\/uploads\/2020\/01\/020310.jpg","datePublished":"2025-04-09T09:39:26+00:00","dateModified":"2025-04-09T10:12:39+00:00","breadcrumb":{"@id":"https:\/\/www.inglet.com\/pt-pt\/producto\/guilhotina-morso-eh-electro-hidraulica-turbo-380-v\/#breadcrumb"},"inLanguage":"pt-PT","potentialAction":[{"@type":"ReadAction","target":["https:\/\/www.inglet.com\/pt-pt\/producto\/guilhotina-morso-eh-electro-hidraulica-turbo-380-v\/"]}]},{"@type":"ImageObject","inLanguage":"pt-PT","@id":"https:\/\/www.inglet.com\/pt-pt\/producto\/guilhotina-morso-eh-electro-hidraulica-turbo-380-v\/#primaryimage","url":"https:\/\/www.inglet.com\/wp-content\/uploads\/2020\/01\/020310.jpg","contentUrl":"https:\/\/www.inglet.com\/wp-content\/uploads\/2020\/01\/020310.jpg","width":800,"height":800},{"@type":"BreadcrumbList","@id":"https:\/\/www.inglet.com\/pt-pt\/producto\/guilhotina-morso-eh-electro-hidraulica-turbo-380-v\/#breadcrumb","itemListElement":[{"@type":"ListItem","position":1,"name":"Portada","item":"https:\/\/www.inglet.com\/pt-pt\/"},{"@type":"ListItem","position":2,"name":"Tienda","item":"https:\/\/www.inglet.com\/tienda\/"},{"@type":"ListItem","position":3,"name":"GUILHOTINA MORSO \u00abEH\u00bb ELECTRO-HIDR\u00c1ULICA TURBO, 380 V"}]},{"@type":"WebSite","@id":"https:\/\/www.inglet.com\/pt-pt\/#website","url":"https:\/\/www.inglet.com\/pt-pt\/","name":"INGLET","description":"Suministros para la enmarcaci\u00f3n y la  impresi\u00f3n digital","publisher":{"@id":"https:\/\/www.inglet.com\/pt-pt\/#organization"},"potentialAction":[{"@type":"SearchAction","target":{"@type":"EntryPoint","urlTemplate":"https:\/\/www.inglet.com\/pt-pt\/?s={search_term_string}"},"query-input":{"@type":"PropertyValueSpecification","valueRequired":true,"valueName":"search_term_string"}}],"inLanguage":"pt-PT"},{"@type":"Organization","@id":"https:\/\/www.inglet.com\/pt-pt\/#organization","name":"INGLET, SLU","url":"https:\/\/www.inglet.com\/pt-pt\/","logo":{"@type":"ImageObject","inLanguage":"pt-PT","@id":"https:\/\/www.inglet.com\/pt-pt\/#\/schema\/logo\/image\/","url":"https:\/\/www.inglet.com\/wp-content\/uploads\/2019\/08\/Inglet-Logo.jpg","contentUrl":"https:\/\/www.inglet.com\/wp-content\/uploads\/2019\/08\/Inglet-Logo.jpg","width":264,"height":342,"caption":"INGLET, SLU"},"image":{"@id":"https:\/\/www.inglet.com\/pt-pt\/#\/schema\/logo\/image\/"}}]}},"_links":{"self":[{"href":"https:\/\/www.inglet.com\/pt-pt\/wp-json\/wp\/v2\/product\/79169","targetHints":{"allow":["GET"]}}],"collection":[{"href":"https:\/\/www.inglet.com\/pt-pt\/wp-json\/wp\/v2\/product"}],"about":[{"href":"https:\/\/www.inglet.com\/pt-pt\/wp-json\/wp\/v2\/types\/product"}],"wp:featuredmedia":[{"embeddable":true,"href":"https:\/\/www.inglet.com\/pt-pt\/wp-json\/wp\/v2\/media\/38650"}],"wp:attachment":[{"href":"https:\/\/www.inglet.com\/pt-pt\/wp-json\/wp\/v2\/media?parent=79169"}],"wp:term":[{"taxonomy":"product_brand","embeddable":true,"href":"https:\/\/www.inglet.com\/pt-pt\/wp-json\/wp\/v2\/product_brand?post=79169"},{"taxonomy":"product_cat","embeddable":true,"href":"https:\/\/www.inglet.com\/pt-pt\/wp-json\/wp\/v2\/product_cat?post=79169"},{"taxonomy":"product_tag","embeddable":true,"href":"https:\/\/www.inglet.com\/pt-pt\/wp-json\/wp\/v2\/product_tag?post=79169"}],"curies":[{"name":"wp","href":"https:\/\/api.w.org\/{rel}","templated":true}]}}